{"id":238748,"date":"2024-01-25T09:04:14","date_gmt":"2024-01-25T09:04:14","guid":{"rendered":"https:\/\/halkcamping.dk\/?page_id=238748"},"modified":"2024-01-25T09:11:38","modified_gmt":"2024-01-25T09:11:38","slug":"cookie-politik","status":"publish","type":"page","link":"https:\/\/halkcamping.dk\/de\/cookie-richtlinie\/","title":{"rendered":"Datenschutzrichtlinie"},"content":{"rendered":"[et_pb_section fb_built=\u201c1\u2033 theme_builder_area=\u201cpost_content\u201c _builder_version=\u201c4.24.0\u201c _module_preset=\u201cdefault\u201c][et_pb_row _builder_version=\u201c4.24.0\u201c _module_preset=\u201cdefault\u201c theme_builder_area=\u201cpost_content\u201c][et_pb_column _builder_ version=\u201c 4.24.0\u2033 _module_preset=\u201cdefault\u201c type=\u201c4_4\u2033 theme_builder_area=\u201cpost_content\u201c][et_pb_text _builder_version=\u201c4.24.0\u201c _module_preset=\u201cdefault\u201c theme_builder_area=\u201cpost_content\u201c hover_enabled=\u201c0\u2033 sticky_enabled=\u201c0\u2033]<h1>Datenschutzrichtlinie<\/h1>\n<p>Datum des Inkrafttretens: 16.01.2024<\/p>\n<p>Aktualisiert am: 25.01.2024<\/p>\n<p>In der Datenschutzrichtlinie werden die Richtlinien von Halk Camping I\/S hinsichtlich der Erfassung und Verwendung der von uns erfassten Informationen erl\u00e4utert, wenn Sie darauf Zugriff haben<br \/>https:\/\/halkcamping.dk\/ (\u201eDer Dienst\u201c) Die Datenschutzrichtlinie beschreibt Ihre Datenschutzrechte und wie Sie entsprechend gesch\u00fctzt sind<br \/>die Datenschutzgesetze.<\/p>\n<p>Durch die Nutzung unseres Dienstes stimmen Sie der Erfassung und Nutzung der Informationen gem\u00e4\u00df dieser Datenschutzrichtlinie zu. Bitte nicht verwenden<br \/>unseren Dienst, wenn Sie der Erfassung und Nutzung der Informationen, wie in dieser Datenschutzrichtlinie beschrieben, nicht zustimmen. Diese Datenschutzerkl\u00e4rung ist<br \/>wurde mit dem Cookiescript Privacy Policy Generator erstellt.<\/p>\n<p>Halk Camping I\/S ist berechtigt, diese Datenschutzrichtlinie jederzeit zu \u00e4ndern. Dies kann ohne vorherige Ank\u00fcndigung geschehen.<\/p>\n<p>Halk Camping I\/S wird die \u00fcberarbeitete Datenschutzrichtlinie auf der Website https:\/\/halkcamping.dk\/ ver\u00f6ffentlichen.<\/p>\n<h2>ERHEBUNG UND VERWENDUNG IHRER PERSONENBEZOGENEN DATEN<\/h2>\n<p><strong>INFORMATIONEN, DIE WIR SAMMELN<\/strong><\/p>\n<p>Wenn Sie unseren Service nutzen, werden Sie gebeten, uns personenbezogene Daten zur Verf\u00fcgung zu stellen, die zur Kontaktaufnahme oder Identifizierung mit Ihnen verwendet werden. https:\/\/halkcamping.dk\/<br \/>sammelt folgende Informationen:<\/p>\n<ul>\n<li>Nutzungsdaten<\/li>\n<li>Name<\/li>\n<li>Email<\/li>\n<li>Handynummer<\/li>\n<\/ul>\n<p>Zu den Nutzungsdaten geh\u00f6ren:<\/p>\n<ul>\n<li>Internet Protocol (IP)-Adresse der Computer, die auf die Website zugreifen<\/li>\n<li>Website-Anfragen<\/li>\n<li>Empfehlungswebseiten<\/li>\n<li>Der Browser, mit dem auf die Website zugegriffen wird<\/li>\n<li>Uhrzeit und Datum des Zugriffs<\/li>\n<\/ul>\n<p><strong>WIE WIR INFORMATIONEN SAMMELN<\/strong><\/p>\n<p>https:\/\/halkcamping.dk\/ sammelt und empf\u00e4ngt Informationen von Ihnen auf folgende Weise:<\/p>\n<ul>\n<li>Wenn Sie mit unserem Service interagieren.<\/li>\n<li>Wenn Sie ein Registrierungsformular ausf\u00fcllen oder auf andere Weise Ihre pers\u00f6nlichen Daten \u00fcbermitteln.<\/li>\n<\/ul>\n<p>Ihre Angaben werden bis zu gespeichert <strong>90 Tage)<\/strong>, nachdem Sie Ihr Konto geschlossen haben. Ihre Daten k\u00f6nnen zu Berichtszwecken l\u00e4ngerfristig gespeichert werden<br \/>oder Aufzeichnungen gem\u00e4\u00df der geltenden Gesetzgebung. Informationen, die Sie nicht pers\u00f6nlich identifizieren, k\u00f6nnen zeitlich unbegrenzt gespeichert werden.<\/p>\n<p><strong>WIE WIR IHRE INFORMATIONEN VERWENDEN<\/strong><\/p>\n<p>https:\/\/halkcamping.dk\/ kann Ihre Daten f\u00fcr folgende Zwecke verwenden:<\/p>\n<ul>\n<li>Bereitstellung und Wartung unseres Dienstes sowie \u00dcberwachung der Nutzung unseres Dienstes.<\/li>\n<li>F\u00fcr andere Zwecke. Halk Camping I\/S verwendet Ihre Informationen zur Datenanalyse, um Nutzungstrends zu erkennen oder die Wirksamkeit unseres Angebots zu bewerten<br \/>Marketingkampagnen, sofern sinnvoll. Wir nutzen Ihre Informationen, um unseren Service, unsere Produkte, Dienstleistungen usw. zu bewerten und zu verbessern<br \/>Marketing-Bem\u00fchungen.<\/li>\n<li>Um Sie mit allgemeinen Informationen auf dem Laufenden zu halten.<\/li>\n<li>Dich kontaktieren. Halk Camping I\/S kontaktiert Sie per E-Mail, Telefon, SMS oder anderen Formen der elektronischen Kommunikation im Zusammenhang mit den Funktionen,<br \/>die Produkte, Dienstleistungen oder Sicherheitsupdates, wenn dies erforderlich oder angemessen ist.<\/li>\n<\/ul>\n<p><strong>WIE WIR IHRE INFORMATIONEN TEILEN<\/strong><\/p>\n<p>Halk Camping I\/S wird Ihre Informationen in den folgenden Situationen weitergeben, wenn dies relevant ist:<\/p>\n<ul>\n<li>Mit Ihrer Zustimmung. Halk Camping I\/S gibt Ihre Daten mit Ihrer ausdr\u00fccklichen Zustimmung f\u00fcr jeden Zweck weiter.<\/li>\n<\/ul>\n<p><strong>TEILUNG DRITTER<\/strong><\/p>\n<p>Jeder Dritte, an den wir Ihre Daten weitergeben, muss den Zweck offenlegen, f\u00fcr den er Ihre Daten verwenden m\u00f6chte. Sie m\u00fcssen nur Ihre aufbewahren<br \/>Informationen w\u00e4hrend des Zeitraums, der offengelegt wird, wenn die betreffenden Informationen angefordert werden. Der Drittanbieter darf die Daten nicht weiter einsammeln oder verkaufen<br \/>oder Ihre pers\u00f6nlichen Daten verwenden, es sei denn, dies ist zur Erf\u00fcllung des angegebenen Zwecks erforderlich.<\/p>\n<p>Ihre Daten k\u00f6nnen aus folgenden Gr\u00fcnden an Dritte weitergegeben werden:<\/p>\n<ul>\n<li>Analyseinformationen. Ihre Informationen k\u00f6nnen an Online-Analysetools weitergegeben werden, um den Website-Verkehr zu verfolgen und zu analysieren.<\/li>\n<li>Verbesserung gezielter Werbekampagnen. Halk Camping I\/S arbeitet mit Drittanbietern zusammen, um gezielte Werbekampagnen zu verbessern.<\/li>\n<\/ul>\n<p>Wenn Sie sich daf\u00fcr entscheiden, solche Informationen bei der Registrierung oder in einem anderen Zusammenhang bereitzustellen, erm\u00e4chtigen Sie Halk Camping I\/S zur Nutzung, Weitergabe und Speicherung<br \/>diese Informationen in \u00dcbereinstimmung mit dieser Datenschutzrichtlinie verarbeiten.<\/p>\n<p>Ihre Daten k\u00f6nnen aus weiteren Gr\u00fcnden weitergegeben werden, darunter:<\/p>\n<ul>\n<li>Einhaltung geltender Gesetze, Vorschriften oder Gerichtsbeschl\u00fcsse.<\/li>\n<li>Reaktion auf Behauptungen, dass Ihre Nutzung unseres Dienstes die Rechte Dritter verletzt.<\/li>\n<li>Durchsetzung von Vereinbarungen, die Sie mit uns eingehen, einschlie\u00dflich der Datenschutzrichtlinie.<\/li>\n<\/ul>\n<p><strong>KEKSE<\/strong><\/p>\n<p>Cookies sind kleine Textdateien, die von den von Ihnen besuchten Websites auf Ihrem Computer abgelegt werden. Websites verwenden Cookies, um Benutzern eine effiziente Navigation zu erm\u00f6glichen<br \/>besondere Funktionen ausf\u00fchren. Cookies, die f\u00fcr die ordnungsgem\u00e4\u00dfe Funktion der Website erforderlich sind, k\u00f6nnen ohne Ihre Zustimmung platziert werden. Alle anderen Cookies m\u00fcssen genehmigt werden,<br \/>bevor sie im Browser platziert werden k\u00f6nnen.<\/p>\n<ul>\n<li>Absolut notwendige Cookies. Unbedingt notwendige Cookies erm\u00f6glichen die Grundfunktionalit\u00e4t der Website wie Benutzeranmeldung und Kontoverwaltung.<br \/>Ohne die unbedingt notwendigen Cookies kann die Website nicht ordnungsgem\u00e4\u00df genutzt werden.<\/li>\n<li>Leistungscookies. Leistungscookies werden verwendet, um zu sehen, wie Besucher die Website nutzen, z. analytische Cookies. Diese Cookies k\u00f6nnen nicht direkt verwendet werden<br \/>Identifizierung bestimmter Besucher.<\/li>\n<li>Targeting-Cookies. Targeting-Cookies werden verwendet, um Besucher zwischen verschiedenen Websites zu identifizieren, z.B. Content-Partner, Banner-Netzwerk. Diese<br \/>Cookies k\u00f6nnen von Unternehmen verwendet werden, um ein Profil der Besucherinteressen zu erstellen oder relevante Werbung auf anderen Websites anzuzeigen.<\/li>\n<li>Funktionalit\u00e4tscookies. Funktionale Cookies werden verwendet, um Informationen \u00fcber Website-Besucher zu speichern, z. B. Sprache, Zeitzone, erweiterter Inhalt.<\/li>\n<li>Nicht klassifizierte Cookies. Nicht klassifizierte Cookies sind Cookies, die keiner der anderen Kategorien angeh\u00f6ren, oder Cookies, die gerade entstehen<br \/>kategorisiert.<\/li>\n<\/ul>\n<p>Nachfolgend k\u00f6nnen Sie Ihre Einwilligung zur Verwendung von Cookies \u00e4ndern.<br \/><br \/>\n<script type=\"text\/javascript\" charset=\"UTF-8\" data-cookiescriptreport=\"report\" src=\"\/\/report.cookie-script.com\/r\/062a380dc7c566116f2209c94a4965d4.js\"> <\/script>\n<\/p>\n<p><strong>SICHERHEIT<\/strong><\/p>\n<p>Die Sicherheit Ihrer Daten ist uns wichtig. https:\/\/halkcamping.dk\/ verwendet eine Reihe verschiedener Sicherheitsma\u00dfnahmen, um Missbrauch zu verhindern.<br \/>Verlust oder \u00c4nderung der Informationen, die Sie uns zur Verf\u00fcgung gestellt haben. Da wir jedoch die Sicherheit der von Ihnen \u00fcbermittelten Informationen nicht garantieren k\u00f6nnen, erhalten Sie Zugriff auf unsere Informationen<br \/>Service auf eigenes Risiko.<\/p>\n<p>Halk Camping I\/S ist nicht verantwortlich f\u00fcr die Leistung der von Dritten betriebenen Websites oder Ihre Interaktionen mit diesen. Wenn Sie diese Website verlassen,<br \/>Wir empfehlen Ihnen, die Datenschutzpraktiken anderer Websites, mit denen Sie interagieren, zu \u00fcberpr\u00fcfen und die Angemessenheit dieser Praktiken zu bewerten.<\/p>\n<p><strong>KONTAKTIERE UNS<\/strong><\/p>\n<p>Wenn Sie Fragen haben, kontaktieren Sie uns bitte \u00fcber die folgenden Methoden:<\/p>\n<p><strong>Name<\/strong>: Halk Camping I\/S<\/p>\n<p><strong>Adresse<\/strong>: Brunbjerg 105, Halk 6100 Haderslev<\/p>\n<p><strong>Email<\/strong>: info@halkcamping.dk<\/p>\n<p><strong>Webseite<\/strong>: https:\/\/halkcamping.dk\/<\/p>\n<p><strong>Telefon<\/strong>: +45 74 57 11 87<\/p>[\/et_pb_text][\/et_pb_column][\/et_pb_row][\/et_pb_section]","protected":false},"excerpt":{"rendered":"<p>Datenschutzerkl\u00e4rung Datum des Inkrafttretens: 16.01.2024 Aktualisiert am: 25.01.2024 Die Datenschutzerkl\u00e4rung erl\u00e4utert die Richtlinien von Halk Camping I\/S hinsichtlich der Erfassung und Nutzung der Informationen, die wir erfassen, wenn Sie Zugriff auf https:\/\/halkcamping.dk haben \/ (\u201eDer Dienst\u201c) Die Datenschutzrichtlinie beschreibt Ihre Datenschutzrechte und wie Sie durch Datenschutzgesetze gesch\u00fctzt sind. Durch die Nutzung unseres Dienstes stimmen Sie der Erfassung und Nutzung der Informationen gem\u00e4\u00df [...]<\/p>","protected":false},"author":1,"featured_media":0,"parent":0,"menu_order":0,"comment_status":"closed","ping_status":"closed","template":"","meta":{"_et_pb_use_builder":"on","_et_pb_old_content":"","_et_gb_content_width":"","inline_featured_image":false,"footnotes":""},"class_list":["post-238748","page","type-page","status-publish","hentry"],"_links":{"self":[{"href":"https:\/\/halkcamping.dk\/de\/wp-json\/wp\/v2\/pages\/238748","targetHints":{"allow":["GET"]}}],"collection":[{"href":"https:\/\/halkcamping.dk\/de\/wp-json\/wp\/v2\/pages"}],"about":[{"href":"https:\/\/halkcamping.dk\/de\/wp-json\/wp\/v2\/types\/page"}],"author":[{"embeddable":true,"href":"https:\/\/halkcamping.dk\/de\/wp-json\/wp\/v2\/users\/1"}],"replies":[{"embeddable":true,"href":"https:\/\/halkcamping.dk\/de\/wp-json\/wp\/v2\/comments?post=238748"}],"version-history":[{"count":4,"href":"https:\/\/halkcamping.dk\/de\/wp-json\/wp\/v2\/pages\/238748\/revisions"}],"predecessor-version":[{"id":238754,"href":"https:\/\/halkcamping.dk\/de\/wp-json\/wp\/v2\/pages\/238748\/revisions\/238754"}],"wp:attachment":[{"href":"https:\/\/halkcamping.dk\/de\/wp-json\/wp\/v2\/media?parent=238748"}],"curies":[{"name":"wp","href":"https:\/\/api.w.org\/{rel}","templated":true}]}}