{"id":238447,"date":"2023-05-11T12:12:41","date_gmt":"2023-05-11T12:12:41","guid":{"rendered":"http:\/\/halkcamping.dk\/?page_id=238447"},"modified":"2024-09-13T09:38:27","modified_gmt":"2024-09-13T09:38:27","slug":"tilbud","status":"publish","type":"page","link":"https:\/\/halkcamping.dk\/de\/angebot\/","title":{"rendered":"Angebot"},"content":{"rendered":"<p>[et_pb_section fb_built=\u201d1\u2033 _builder_version=\u201d4.22.1\u2033 _module_preset=\u201ddefault\u201d use_background_color_gradient=\u201don\u201d background_color_gradient_stops=\u201drgba(255,255,255,0) 90%|#ffffff 95%\u201d background_color_gradient_overlays_image=\u201don\u201d background_image=\u201dhttps:\/\/halkcamping.dk\/wp-content\/uploads\/2023\/09\/vlcsnap-2023-09-01-09h26m29s307.png\u201d background_enable_video_mp4=\u201doff\u201d height=\u201d30vh\u201d height_tablet=\u201d20vh\u201d height_phone=\u201d20vh\u201d height_last_edited=\u201don|phone\u201d custom_padding=\u201d||||false\u201d global_colors_info=\u201d{}\u201d][et_pb_row _builder_version=\u201d4.21.0\u2033 _module_preset=\u201ddefault\u201d use_background_color_gradient=\u201don\u201d background_color_gradient_stops=\u201drgba(43,135,218,0) 70%|#ffffff 100%\u201d positioning=\u201dabsolute\u201d position_origin_a=\u201dbottom_center\u201d width=\u201d100%\u201d max_width=\u201d100%\u201d global_colors_info=\u201d{}\u201d][et_pb_column type=\u201d4_4\u2033 _builder_version=\u201d4.21.0\u2033 _module_preset=\u201ddefault\u201d global_colors_info=\u201d{}\u201d][\/et_pb_column][\/et_pb_row][\/et_pb_section][et_pb_section fb_built=\u201d1\u2033 _builder_version=\u201d4.22.2\u2033 _module_preset=\u201ddefault\u201d background_color=\u201d#FCFCFC\u201d background_image=\u201dhttps:\/\/halkcamping.dk\/wp-content\/uploads\/2023\/05\/bg.svg\u201d background_size=\u201dcustom\u201d background_image_width=\u201d500px\u201d background_repeat=\u201drepeat\u201d global_colors_info=\u201d{}\u201d][et_pb_row _builder_version=\u201d4.21.0\u2033 _module_preset=\u201ddefault\u201d width=\u201d90%\u201d max_width=\u201d1280px\u201d custom_margin=\u201d0px||0px||true|false\u201d custom_padding=\u201d0px||0px||true|false\u201d global_colors_info=\u201d{}\u201d][et_pb_column type=\u201d4_4\u2033 _builder_version=\u201d4.21.0\u2033 _module_preset=\u201ddefault\u201d custom_padding=\u201d|40px|||false|false\u201d custom_padding_tablet=\u201d|20px|||false|false\u201d custom_padding_phone=\u201d|10px|||false|false\u201d custom_padding_last_edited=\u201don|phone\u201d global_colors_info=\u201d{}\u201d][et_pb_text _builder_version=\u201d4.24.0\u2033 _module_preset=\u201ddefault\u201d header_font=\u201dNoto Sans JP|700||||||\u201d header_text_color=\u201d#248471\u2033 header_font_size=\u201d36px\u201d header_line_height=\u201d1.2em\u201d max_width=\u201d800px\u201d custom_margin=\u201d0px||10px||false|false\u201d custom_padding=\u201d0px||0px||true|false\u201d hover_enabled=\u201d0\u2033 header_font_size_tablet=\u201d36px\u201d header_font_size_phone=\u201d28px\u201d header_font_size_last_edited=\u201don|phone\u201d global_colors_info=\u201d{}\u201d sticky_enabled=\u201d0\u2033]<\/p>\n<h1><span>Campingangebot<\/span><\/h1>\n<p>[\/et_pb_text][et_pb_text _builder_version=\u201c4.22.1\u2033 _module_preset=\u201cdefault\u201c text_font=\u201cOpen Sans|||||||\u201c text_text_color=\u201c#000000\u201c text_font_size=\u201c16px\u201c custom_margin=\u201c0px||20px||false|false\u201c custom_padding=\u201c0px||0px||false|false\u201c text_font_size_tablet=\u201c16px\u201c text_font_size_phone=\u201c14px\u201c text_font_size_last_edited=\u201con |phone\u201c global_colors_info=\u201c{}\u201c]<\/p>\n<div id=\"lipsum\">\n<p>Lassen Sie den Warenkorb unter der Woche stehen und zahlen Sie nur f\u00fcr das Wochenende (mind. 2 x \u00dcbernachtungen und 2 x Parkgeb\u00fchr pro Woche und max. 1 Monat Dauer).<\/p>\n<p>Genie\u00dfen Sie einen erholsamen und g\u00fcnstigen Urlaub mit unserem speziellen Campingangebot, ideal f\u00fcr alle, die ihren Aufenthalt ohne zus\u00e4tzliche Kosten verl\u00e4ngern m\u00f6chten. Dieses Angebot ist eine perfekte Gelegenheit, die nat\u00fcrliche Sch\u00f6nheit und Attraktionen der Region in Ihrem eigenen Tempo zu erkunden.<\/p>\n<p>Bitte beachten Sie, dass dieses Angebot nicht mit anderen Angeboten oder Rabatten kombinierbar ist und nur in der Nebensaison g\u00fcltig ist. Wir empfehlen eine fr\u00fchzeitige Buchung, da die Pl\u00e4tze begrenzt und begehrt sind. Nutzen Sie die Chance und erleben Sie einen langen und bereichernden Urlaub bei uns im \u201eHalk Strand Camping\u201c, wo Komfort auf Natur und Abenteuer trifft.<\/p>\n<\/div>\n<p>[\/et_pb_text][et_pb_button button_url=\u201ctel:74571187\u2033 button_text=\u201c+45 74 57 11 87\u201c _builder_version=\u201c4.21.0\u201c _module_preset=\u201cdefault\u201c custom_button=\u201con\u201c button_text_size=\u201c16px\u201c button_text_color=\u201c#248471 \u2033 button_bg_color=\u201cRGBA(255,255,255,0)\u201c button_border_radius=\u201c0px\u201c button_letter_spacing=\u201c0px\u201c button_font=\u201cOpen Sans|||||||\u201c button_use_icon=\u201coff\u201c custom_padding=\u201c8px|75px|8px|75px|true|true\u201c lock=\u201coff\u201c global_colors_info=\u201c{}\u201c button_letter_spacing__hover_enabled=\u201con|hover\u201c button_letter_spacing__hover=\u201c1px\u201c button_border_width__hover_enabled=\u201con|hover\u201c button_border_width__hover=\u201c2px\u201c button_bg_color__hover_enabled=\u201con|hover\u201c button_bg_color__hover=\u201c#248471\u201c button_bg_enable_color__hover=\u201con\u201c button_text_color__hover_enabled=\u201con|desktop\u201c button_text_color__hover=\u201c#FFFFFF\u201c][\/et_pb_button] [\/et_pb_column][\/et_pb_row][ \/et_pb_section ][et_pb_section fb_built=\u201c1\u2033 _builder_version=\u201c4.22.2\u2033 _module_preset=\u201cdefault\u201c background_color=\u201c#FCFCFC\u201c background_image=\u201chttps:\/\/halkcamping.dk\/wp-content\/uploads\/2023\/05\/bg.svg\u201c background_size=\u201ccustom\u201c background_image_width=\u201c500px\u201c background_repeat=\u201crepeat\u201c custom_margin=\u201c||||true|false\u201c custom_padding=\u201c||||true|false\u201c global_module=\u201c238510\u2033 saving_tabs=\u201call\u201c lock=\u201c off\u201c global_colors_info=\u201c{}\u201c][et_pb_row _builder_version=\u201c4.21.0\u201c _module_preset=\u201cdefault\u201c width=\u201c90%\u201c max_width=\u201c1280px\u201c custom_margin=\u201c0px||0px||true|false\u201c custom_padding=\u201c0px ||0px||true|false\u201c border_color_top=\u201c#1FB0A9\u2033 global_colors_info=\u201c{}\u201c][et_pb_column type=\u201c4_4\u201c _builder_version=\u201c4.21.0\u201c _module_preset=\u201cdefault\u201c custom_padding=\u201c||false|false \u201d custom_padding_tablet =\u201c|20px|||false|false\u201c custom_padding_phone=\u201c|10px|||false|false\u201c custom_padding_last_edited=\u201coff|desktop\u201c global_colors_info=\u201c{}\u201c][dsm_card_carousel speed=\u201c1000\u2033 Arrows=\u201coff \u201earrow_prev =\u201con\u201c Arrow_prev_font_icon=\u201c\uf104||fa||900\u2033 Arrow_next=\u201con\u201c Arrow_next_font_icon=\u201c\uf105||fa||900\u2033 Arrow_size=\u201c60px\u201c Arrow_color=\u201c#248471\u2033 dots=\u201coff\u201c _builder_version= \u201e4.22 .1\u2033 _module_preset=\u201cdefault\u201c header_font=\u201cNoto Sans JP|700||on||||\u201c header_text_align=\u201ccenter\u201c header_text_color=\u201c#FFFFFF\u201c header_font_size=\u201c28px\u201c custom_margin=\u201c0px||0px||false|false\u201c custom_padding=\u201c0px||0px||true|false\u201c global_colors_info=\u201c{}\u201c][dsm_card_carousel_child title=\u201cBuchung\u201c Badge_text=\u201cBadget Text\u201c Badge_url_new_window=\u201con\u201c content_padding=\u201c260px|20px|20px|20px|false|false\u201c button_url_new_window=\u201c1\u2033 _builder_version=\u201c4.22.1\u201c _module_preset=\u201cdefault\u201c header_level= \u201eh4\u201cbackground_color=\u201crgba(31,176,169,0.5)\u201cbackground_enable_color=\u201con\u201cbackground_image=\u201chttps:\/\/halkcamping.dk\/wp-content\/uploads\/2023\/09\/vlcsnap-2023-09-01-09h26m21s343.png \u201ebackground_enable_image=\u201con\u201c background_blend=\u201cmultiply\u201c link_option_url=\u201chttps:\/\/booking.halkcamping.dk\/daybooking\/step1?cId=173&amp;lc=da&amp;wid=1\u2033 link_option_url_new_window=\u201con\u201c global_colors_info=\u201c{}\u201c parent_button=\u201c off\u201c parent_header_level=\u201ch4\u2033][\/dsm_card_carousel_child][dsm_card_carousel_child][dsm_card_carousel_child title=\u201cGallery\u201c Badge_text=\u201cBadget Text\u201c content_padding=\u201c260px|20px|20px|20px|false|false\u201c button_url_new_window=\u201c1\u2033 _builder_version=\u201c4.22. 1\u2033 _dynamic_attributes=\u201clink_option_url\u201c _module_preset=\u201cdefault\u201c header_level=\u201ch4\u2033 background_color=\u201crgba(31,176,169,0.5)\u201c background_enable_color=\u201con\u201c background_image=\u201chttps:\/\/halkcamping.dk\/wp-content\/uploads\/2023 \/09\/vlcsnap-2023-09-01-09h25m24s119.png\u201c background_enable_image=\u201con\u201c background_blend=\u201cmultiply\u201c link_option_url=\u201c@ET-DC@eyJkeW5hbWljIjp0cnVlLCJjb250ZW50IjoicG9zdF9saW5rX3VybF9wYWdlI iwic2V0dGluZ3MiOnsic G9zdF9pZCI6IjIzODQ1NiJ9fQ==@\u201c global_colors_info=\u201c{}\u201c parent_button=\u201coff\u201c parent_header_level =\u201ch4\u2033][\/dsm_card_carousel_child][dsm_card_carousel_child title=\u201cSights\u201c Badge_text=\u201cBadget Text\u201c content_padding=\u201c260px|20px|20px|20px|false|false\u201c button_url_new_window=\u201c1\u2033 _builder_version=\u201c4.22.1\u201c _dynamic_attributes =\u201clink_option_url\u201c _module_preset=\u201cdefault\u201c header_level=\u201ch4\u2033 background_color=\u201crgba(31,176,169,0.5)\u201c background_enable_color=\u201con\u201c background_image=\u201chttps:\/\/halkcamping.dk\/wp-content\/uploads\/2023\/09 \/ vlcsnap-2023-09-01-09h26m15s556.png\u201c background_enable_image=\u201con\u201c background_blend=\u201cmultiply\u201c link_option_url=\u201c@ET-DC@eyJkeW5hbWljIjp0cnVlLCJjb250ZW50IjoicG9zdF9saW5rX3VybF9wYWdlIiwic 2V0dGluZ3MiOnsicG9zdF 9pZCI6IjIzODQzMCJ9fQ==@\u201c link_option_url_new_window=\u201con\u201c global_colors_info=\u201c{}\u201c parent_button= \u201eoff\u201c parent_header_level=\u201ch4\u2033][\/dsm_card_carousel_child][dsm_card_carousel_child title=\u201cAktivit\u00e4ten\u201c Badge_text=\u201cBadget Text\u201c content_padding=\u201c260px|20px|20px|20px|false|false\u201c button_url_new_window=\u201c1\u2033 _builder_version=\u201c4.22 .1 \u2033 _dynamic_attributes=\u201clink_option_url\u201c _module_preset=\u201cdefault\u201c header_level=\u201ch4\u2033 background_color=\u201crgba(31,176,169,0.5)\u201c background_enable_color=\u201con\u201c background_image=\u201chttps:\/\/halkcamping.dk\/wp-content\/uploads\/ 2023\/ 09\/vlcsnap-2023-09-01-09h24m23s680.png\u201c background_enable_image=\u201con\u201c background_blend=\u201cmultiply\u201c link_option_url=\u201c@ET-DC@eyJkeW5hbWljIjp0cnVlLCJjb250ZW50IjoicG9zdF9saW5rX3VybF 9wYWdlIiwic2V0dGluZ3MiOnsic G9zdF9pZCI6IjIzODQyNiJ9fQ==@\u201c global_colors_info=\u201c{}\u201c parent_button=\u201coff \u201d parent_header_level= \u201dh4\u2033][\/dsm_card_carousel_child][\/dsm_card_carousel][\/et_pb_column][\/et_pb_row][\/et_pb_section]<\/p>","protected":false},"excerpt":{"rendered":"<p>Campingangebot Unter der Woche den Wohnwagen stehen lassen und nur f\u00fcr das Wochenende bezahlen (mind. 2 x \u00dcbernachtungen und 2 x Stellplatzgeb\u00fchr pro Woche und max. 1 Monat Dauer). Genie\u00dfen Sie einen erholsamen und g\u00fcnstigen Urlaub mit unserem speziellen Campingangebot, ideal f\u00fcr alle, die ihren Aufenthalt ohne zus\u00e4tzliche Kosten verl\u00e4ngern m\u00f6chten. Dieses Angebot ist eine perfekte Gelegenheit f\u00fcr [...]<\/p>","protected":false},"author":1,"featured_media":0,"parent":0,"menu_order":0,"comment_status":"closed","ping_status":"closed","template":"","meta":{"_et_pb_use_builder":"on","_et_pb_old_content":"","_et_gb_content_width":"","inline_featured_image":false,"footnotes":""},"class_list":["post-238447","page","type-page","status-publish","hentry"],"_links":{"self":[{"href":"https:\/\/halkcamping.dk\/de\/wp-json\/wp\/v2\/pages\/238447","targetHints":{"allow":["GET"]}}],"collection":[{"href":"https:\/\/halkcamping.dk\/de\/wp-json\/wp\/v2\/pages"}],"about":[{"href":"https:\/\/halkcamping.dk\/de\/wp-json\/wp\/v2\/types\/page"}],"author":[{"embeddable":true,"href":"https:\/\/halkcamping.dk\/de\/wp-json\/wp\/v2\/users\/1"}],"replies":[{"embeddable":true,"href":"https:\/\/halkcamping.dk\/de\/wp-json\/wp\/v2\/comments?post=238447"}],"version-history":[{"count":11,"href":"https:\/\/halkcamping.dk\/de\/wp-json\/wp\/v2\/pages\/238447\/revisions"}],"predecessor-version":[{"id":238812,"href":"https:\/\/halkcamping.dk\/de\/wp-json\/wp\/v2\/pages\/238447\/revisions\/238812"}],"wp:attachment":[{"href":"https:\/\/halkcamping.dk\/de\/wp-json\/wp\/v2\/media?parent=238447"}],"curies":[{"name":"wp","href":"https:\/\/api.w.org\/{rel}","templated":true}]}}