{"id":238430,"date":"2023-05-11T12:36:40","date_gmt":"2023-05-11T12:36:40","guid":{"rendered":"http:\/\/halkcamping.dk\/?page_id=238430"},"modified":"2024-09-13T09:34:29","modified_gmt":"2024-09-13T09:34:29","slug":"sevaerdigheder","status":"publish","type":"page","link":"https:\/\/halkcamping.dk\/de\/sehenswurdigkeiten\/","title":{"rendered":"Sehensw\u00fcrdigkeiten"},"content":{"rendered":"<p>[et_pb_section fb_built=\u201d1\u2033 _builder_version=\u201d4.22.1\u2033 _module_preset=\u201ddefault\u201d use_background_color_gradient=\u201don\u201d background_color_gradient_stops=\u201drgba(255,255,255,0) 90%|#ffffff 95%\u201d background_color_gradient_overlays_image=\u201don\u201d background_image=\u201dhttps:\/\/halkcamping.dk\/wp-content\/uploads\/2023\/09\/vlcsnap-2023-09-01-09h26m29s307.png\u201d background_enable_video_mp4=\u201doff\u201d height=\u201d30vh\u201d height_tablet=\u201d20vh\u201d height_phone=\u201d20vh\u201d height_last_edited=\u201don|phone\u201d custom_padding=\u201d||||false\u201d global_colors_info=\u201d{}\u201d][et_pb_row _builder_version=\u201d4.21.0\u2033 _module_preset=\u201ddefault\u201d use_background_color_gradient=\u201don\u201d background_color_gradient_stops=\u201drgba(43,135,218,0) 70%|#ffffff 100%\u201d positioning=\u201dabsolute\u201d position_origin_a=\u201dbottom_center\u201d width=\u201d100%\u201d max_width=\u201d100%\u201d global_colors_info=\u201d{}\u201d][et_pb_column type=\u201d4_4\u2033 _builder_version=\u201d4.21.0\u2033 _module_preset=\u201ddefault\u201d global_colors_info=\u201d{}\u201d][\/et_pb_column][\/et_pb_row][\/et_pb_section][et_pb_section fb_built=\u201d1\u2033 _builder_version=\u201d4.22.2\u2033 _module_preset=\u201ddefault\u201d background_color=\u201d#FCFCFC\u201d background_image=\u201dhttps:\/\/halkcamping.dk\/wp-content\/uploads\/2023\/05\/bg.svg\u201d background_size=\u201dcustom\u201d background_image_width=\u201d500px\u201d background_repeat=\u201drepeat\u201d global_colors_info=\u201d{}\u201d][et_pb_row _builder_version=\u201d4.21.0\u2033 _module_preset=\u201ddefault\u201d width=\u201d90%\u201d max_width=\u201d1280px\u201d custom_margin=\u201d0px||0px||true|false\u201d custom_padding=\u201d0px||0px||true|false\u201d global_colors_info=\u201d{}\u201d][et_pb_column type=\u201d4_4\u2033 _builder_version=\u201d4.21.0\u2033 _module_preset=\u201ddefault\u201d custom_padding=\u201d||||false|false\u201d custom_padding_tablet=\u201d|20px|||false|false\u201d custom_padding_phone=\u201d|10px|||false|false\u201d custom_padding_last_edited=\u201doff|desktop\u201d global_colors_info=\u201d{}\u201d][et_pb_text _builder_version=\u201d4.24.0\u2033 _module_preset=\u201ddefault\u201d header_font=\u201dNoto Sans JP|700||||||\u201d header_text_color=\u201d#248471\u2033 header_font_size=\u201d36px\u201d header_line_height=\u201d1.2em\u201d max_width=\u201d800px\u201d custom_margin=\u201d0px||10px||false|false\u201d custom_padding=\u201d0px||0px||true|false\u201d hover_enabled=\u201d0\u2033 header_font_size_tablet=\u201d36px\u201d header_font_size_phone=\u201d28px\u201d header_font_size_last_edited=\u201don|phone\u201d global_colors_info=\u201d{}\u201d sticky_enabled=\u201d0\u2033]<\/p>\n<h1><span>Sehensw\u00fcrdigkeiten<\/span><\/h1>\n<p>[\/et_pb_text][et_pb_text _builder_version=\u201c4.22.1\u2033 _module_preset=\u201cdefault\u201c text_font=\u201cOpen Sans|||||||\u201c text_text_color=\u201c#000000\u201c text_font_size=\u201c16px\u201c custom_margin=\u201c0px||20px||false|false\u201c custom_padding=\u201c0px||0px||false|false\u201c text_font_size_tablet=\u201c16px\u201c text_font_size_phone=\u201c14px\u201c text_font_size_last_edited=\u201con |phone\u201c global_colors_info=\u201c{}\u201c]<\/p>\n<div id=\"lipsum\">\n<p>Auf Halk Strand Camping gibt es mehr als nur Entspannung in einer malerischen Umgebung. In der unmittelbaren Umgebung erwartet Sie eine Welt voller kultureller Sch\u00e4tze und spannender Sehensw\u00fcrdigkeiten, die Ihren Urlaub bereichernd und unvergesslich machen. Entdecken Sie die historischen Sch\u00e4tze, Kunstgalerien und malerischen Orte der Region, die alle bequem vom Campingplatz aus erreichbar sind.<\/p>\n<p>Beginnen Sie das Abenteuer mit einem Ausflug in die \u00f6rtlichen Museen, die etwas \u00fcber die reiche Geschichte der Region erz\u00e4hlen. Anschlie\u00dfend empfiehlt sich ein Ausflug zu einigen der nahegelegenen Schl\u00f6sser oder Herrenh\u00e4user, wo Sie einen Einblick in die Pracht und Eleganz der Vergangenheit erhalten. F\u00fcr Naturliebhaber gibt es wundersch\u00f6ne Parks und Naturschutzgebiete, die zu erholsamen Spazierg\u00e4ngen und Picknicks im Freien einladen.<\/p>\n<p>Auf Halk Strand Camping sind alle Zutaten f\u00fcr einen Urlaub voller Entspannung und kultureller Ausfl\u00fcge vorhanden. Wir freuen uns darauf, Sie zu einem Urlaub mit einer perfekten Balance zwischen Ruhe und unvergesslichen Erlebnissen begr\u00fc\u00dfen zu d\u00fcrfen.<\/p>\n<\/div>\n<p>[\/et_pb_text][dsm_filterable_gallery gallery_ids=\u201d238434,238432,238433,238435,238436,238439,238438,238437,238440,238441,238442,238443,238444,238445\u2033 dsm_category_alignment=\u201dleft\u201d dsm_category_inactive_bg_color=\u201d#F2EFEB\u201d dsm_category_active_bg_color=\u201d#248471\u2033 dsm_category_inactive_color=\u201d#248471\u2033 dsm_category_active_color=\u201d#FFFFFF\u201d dsm_category_padding=\u201d8px|15px|8px|15px|true|true\u201d dsm_number_of_columns_tablet=\u201d\u201d dsm_number_of_columns_phone=\u201d1\u2033 dsm_number_of_columns_last_edited=\u201don|phone\u201d _builder_version=\u201d4.22.1\u2033 _module_preset=\u201ddefault\u201d dsm_category_font=\u201dOpen Sans|700|||||||\u201d dsm_category_font_size=\u201d16px\u201d custom_margin=\u201d40px||0px||false|false\u201d custom_padding=\u201d0px||0px||false|false\u201d hover_enabled=\u201d0\u2033 global_colors_info=\u201d{}\u201d sticky_enabled=\u201d0\u2033][\/dsm_filterable_gallery][\/et_pb_column][\/et_pb_row][\/et_pb_section][et_pb_section fb_built=\u201d1\u2033 _builder_version=\u201d4.22.2\u2033 _module_preset=\u201ddefault\u201d background_color=\u201d#FCFCFC\u201d background_image=\u201dhttps:\/\/halkcamping.dk\/wp-content\/uploads\/2023\/05\/bg.svg\u201d background_size=\u201dcustom\u201d background_image_width=\u201d500px\u201d background_repeat=\u201dwiederholen\u201d custom_margin=\u201d||true|false\u201d custom_padding=\u201d||||true|false\u201d global_module=\u201d238510\u2033 saved_tabs=\u201dalle\u201d locked=\u201daus\u201d global_colors_info=\u201d{}\u201d][et_pb_row _builder_version=\u201d4.21.0\u2033 _module_preset=\u201dStandard\u201d width=\u201d90%\u201d max_width=\u201d1280px\u201d custom_margin=\u201d0px||0px||true|false\u201d custom_padding=\u201d0px||0px||true|false\u201d border_color_top=\u201d#1FB0A9\u2033 global_colors_info=\u201d{}\u201d][et_pb_column Typ = \u201e4_4\u201c _Builder-Version = \u201e4.21.0\u201c _Modulvoreinstellung = \u201eStandard\u201c benutzerdefinierte Polsterung = \u201e||falsch|falsch\u201c benutzerdefinierte Polsterung Tablet = \u201e|20px|||falsch|falsch\u201c benutzerdefinierte Polsterung Telefon = \u201e|10px|||falsch|falsch\u201c benutzerdefinierte Polsterung zuletzt bearbeitet = \u201eaus|Desktop\u201c globale Farbeninfo = \u201e{}\u201c] [dsm_card_carousel Geschwindigkeit = \u201e1000\u201c Pfeile = \u201eaus\u201c Pfeilvorher = \u201eein\u201c Pfeilvorher_Schriftsymbol = \u201e\uf104||fa||900\u201c Pfeiln\u00e4chste = \u201eein\u201c Pfeiln\u00e4chste_Schriftsymbol = \u201e\uf105||fa||900\u201c Pfeilgr\u00f6\u00dfe = \u201e60px\u201c Pfeilfarbe = \u201e#248471\u201c Punkte = \u201eaus\u201c _Builder-Version = \u201e4.22.1\u201c _Modul-Voreinstellung = \u201eStandard\u201c Header-Schriftart = \u201eNoto Sans JP|700||an|||||\u201c header_text_align=\u201dcenter\u201d header_text_color=\u201d#FFFFFF\u201d header_font_size=\u201d28px\u201d custom_margin=\u201d0px||0px||false|false\u201d custom_padding=\u201d0px||0px||true|false\u201d global_colors_info=\u201d{}\u201d][dsm_card_carousel_child title=\u201dBuchung\u201d badge_text=\u201dBadget Text\u201d badge_url_new_window=\u201don\u201d content_padding=\u201d260px|20px|20px|20px|false|false\u201d button_url_new_window=\u201d1\u2033 _builder_version=\u201d4.22.1\u2033 _module_preset=\u201ddefault\u201d header_level=\u201dh4\u2033 background_color=\u201drgba(31,176,169,0.5)\u201d background_enable_color=\u201don\u201d background_image=\u201dhttps:\/\/halkcamping.dk\/wp-content\/uploads\/2023\/09\/vlcsnap-2023-09-01-09h26m21s343.png\u201d background_enable_image=\u201don\u201d background_blend=\u201dmultiplizieren\u201d link_option_url=\u201dhttps:\/\/booking.halkcamping.dk\/daybooking\/step1?cId=173&amp;lc=da&amp;wid=1\u2033 link_option_url_new_window=\u201don\u201d global_colors_info=\u201d{}\u201d parent_button=\u201doff\u201d parent_header_level=\u201dh4\u2033][\/dsm_card_carousel_child][dsm_card_carousel_child title=\u201dGalerie\u201d badge_text=\u201dBadget-Text\u201d content_padding=\u201d260px|20px|20px|20px|false|false\u201d button_url_new_window=\u201d1\u2033 _builder_version=\u201d4.22.1\u2033 _dynamic_attributes=\u201dlink_option_url\u201d _module_preset=\u201ddefault\u201d header_level=\u201dh4\u2033 background_color=\u201drgba(31,176,169,0.5)\u201d background_enable_color=\u201don\u201d background_image=\u201dhttps:\/\/halkcamping.dk\/wp-content\/uploads\/2023\/09\/vlcsnap-2023-09-01-09h25m24s119.png\u201d background_enable_image=\u201don\u201d background_blend=\u201dmultiplizieren\u201d link_option_url=\u201d@ET-DC@eyJkeW5hbWljIjp0cnVlLCJjb250ZW50IjoicG9zdF9saW5rX3VybF9wYWdlIiwic2V0dGluZ3MiOnsicG9zdF9pZCI6IjIzODQ1NiJ9fQ==@\u201d global_colors_info=\u201d{}\u201d parent_button=\u201doff\u201d parent_header_level=\u201dh4\u2033][\/dsm_card_carousel_child][dsm_card_carousel_child title=\u201dSehensw\u00fcrdigkeiten\u201d badge_text=\u201dBadget-Text\u201d content_padding=\u201d260px|20px|20px|20px|false|false\u201d button_url_new_window=\u201d1\u2033 _builder_version=\u201d4.22.1\u2033 _dynamic_attributes=\u201dlink_option_url\u201d _module_preset=\u201ddefault\u201d header_level=\u201dh4\u2033 background_color=\u201drgba(31,176,169,0.5)\u201d background_enable_color=\u201don\u201d background_image=\u201dhttps:\/\/halkcamping.dk\/wp-content\/uploads\/2023\/09\/vlcsnap-2023-09-01-09h26m15s556.png\u201d background_enable_image=\u201don\u201d background_blend=\u201dmultiplizieren\u201d link_option_url=\u201d@ET-DC@eyJkeW5hbWljIjp0cnVlLCJjb250ZW50IjoicG9zdF9saW5rX3VybF9wYWdlIiwic2V0dGluZ3MiOnsicG9zdF9pZCI6IjIzODQzMCJ9fQ==@\u201d link_option_url_new_window=\u201dan\u201d global_colors_info=\u201d{}\u201d parent_button=\u201daus\u201d parent_header_level=\u201dh4\u2033][\/dsm_card_carousel_child][dsm_card_carousel_child title=\u201dAktivit\u00e4ten\u201d badge_text=\u201dBadget-Text\u201d content_padding=\u201d260px|20px|20px|20px|false|false\u201d button_url_new_window=\u201d1\u2033 _builder_version=\u201d4.22.1\u2033 _dynamic_attributes=\u201dlink_option_url\u201d _module_preset=\u201ddefault\u201d header_level=\u201dh4\u2033 background_color=\u201drgba(31,176,169,0.5)\u201d background_enable_color=\u201don\u201d background_image=\u201dhttps:\/\/halkcamping.dk\/wp-content\/uploads\/2023\/09\/vlcsnap-2023-09-01-09h24m23s680.png\u201d background_enable_image=\u201don\u201d background_blend=\u201dmultiplizieren\u201d link_option_url=\u201d@ET-DC@eyJkeW5hbWljIjp0cnVlLCJjb250ZW50IjoicG9zdF9saW5rX3VybF9wYWdlIiwic2V0dGluZ3MiOnsicG9zdF9pZCI6IjIzODQyNiJ9fQ==@\u201d global_colors_info=\u201d{}\u201d parent_button=\u201doff\u201d parent_header_level=\u201dh4\u2033][\/dsm_card_carousel_child][\/dsm_card_carousel][\/et_pb_column][\/et_pb_row][\/et_pb_section]<\/p>","protected":false},"excerpt":{"rendered":"<p>Sehensw\u00fcrdigkeiten Auf Halk Strand Camping gibt es mehr als nur Entspannung in einer malerischen Umgebung. In der unmittelbaren Umgebung erwartet Sie eine Welt voller kultureller Sch\u00e4tze und spannender Sehensw\u00fcrdigkeiten, die Ihren Urlaub bereichernd und unvergesslich machen. Entdecken Sie die historischen Sch\u00e4tze, Kunstgalerien und malerischen Orte der Region, die alle bequem vom Campingplatz aus erreichbar sind. [\u2026]<\/p>","protected":false},"author":1,"featured_media":0,"parent":0,"menu_order":0,"comment_status":"closed","ping_status":"closed","template":"","meta":{"_et_pb_use_builder":"on","_et_pb_old_content":"","_et_gb_content_width":"","inline_featured_image":false,"footnotes":""},"class_list":["post-238430","page","type-page","status-publish","hentry"],"_links":{"self":[{"href":"https:\/\/halkcamping.dk\/de\/wp-json\/wp\/v2\/pages\/238430","targetHints":{"allow":["GET"]}}],"collection":[{"href":"https:\/\/halkcamping.dk\/de\/wp-json\/wp\/v2\/pages"}],"about":[{"href":"https:\/\/halkcamping.dk\/de\/wp-json\/wp\/v2\/types\/page"}],"author":[{"embeddable":true,"href":"https:\/\/halkcamping.dk\/de\/wp-json\/wp\/v2\/users\/1"}],"replies":[{"embeddable":true,"href":"https:\/\/halkcamping.dk\/de\/wp-json\/wp\/v2\/comments?post=238430"}],"version-history":[{"count":13,"href":"https:\/\/halkcamping.dk\/de\/wp-json\/wp\/v2\/pages\/238430\/revisions"}],"predecessor-version":[{"id":238809,"href":"https:\/\/halkcamping.dk\/de\/wp-json\/wp\/v2\/pages\/238430\/revisions\/238809"}],"wp:attachment":[{"href":"https:\/\/halkcamping.dk\/de\/wp-json\/wp\/v2\/media?parent=238430"}],"curies":[{"name":"wp","href":"https:\/\/api.w.org\/{rel}","templated":true}]}}